{"id":1797,"date":"2020-12-14T10:12:56","date_gmt":"2020-12-14T10:12:56","guid":{"rendered":"https:\/\/thebridgemarbella.com\/politica-de-privacidad\/"},"modified":"2024-02-14T15:02:39","modified_gmt":"2024-02-14T15:02:39","slug":"politica-de-privacidad","status":"publish","type":"page","link":"https:\/\/thebridgemarbella.com\/es\/politica-de-privacidad\/","title":{"rendered":"Pol\u00edtica de Privacidad"},"content":{"rendered":"\n<h2 class=\"wp-block-heading\">Qui\u00e9nes somos<\/h2>\n\n<p>La direcci\u00f3n de nuestro sitio web es: https:\/\/thebridgemarbella.com<\/p>\n\n<p>Este sitio est\u00e1 protegido por reCAPTCHA y se aplican la <a href=\"https:\/\/policies.google.com\/privacy\" target=\"_blank\" rel=\"noreferrer noopener\">Pol\u00edtica de privacidad<\/a> y las <a href=\"https:\/\/policies.google.com\/terms\" target=\"_blank\" rel=\"noreferrer noopener\">Condiciones del servicio<\/a> de Google.<\/p>\n\n<p><strong>1. El compromiso de The Bridge Marbella con la protecci\u00f3n de datos y tu privacidad<\/strong><\/p>\n\n<p> La seguridad y privacidad de tus datos personales son importantes para The Bridge Marbella y por ello hemos desarrollado nuestra actividad en estricto cumplimiento de la legislaci\u00f3n espa\u00f1ola de protecci\u00f3n de datos, tanto la privacidad como la seguridad de los datos personales. Esperamos que la pol\u00edtica que se detalla a continuaci\u00f3n te ayude a comprender qu\u00e9 datos puede recoger The Bridge Marbella, c\u00f3mo se utilizan y c\u00f3mo se protegen en las entidades con las que se comparten.<\/p>\n\n<p><strong>2. Datos personales <\/strong><\/p>\n\n<p>The Bridge Marbella no recoge datos personales sobre ti (por ejemplo, tu nombre, tu direcci\u00f3n o tu n\u00famero de tel\u00e9fono) a trav\u00e9s de otros sitios web, a menos que decidas de forma voluntaria facilitarnos dichos datos (por ejemplo, a trav\u00e9s de los formularios de contacto, solicitudes de informaci\u00f3n, encuestas), o a menos que nos autorices a utilizar dichos datos, o que las leyes y normativa vigentes de seguridad y protecci\u00f3n de datos personales lo permitan.<\/p>\n\n<p><strong>3. Finalidad de uso<\/strong><\/p>\n\n<p>Siempre que nos facilites datos de car\u00e1cter personal, a menudo los utilizaremos para responder a tus preguntas, tramitar tus solicitudes de informaci\u00f3n o darte acceso a informaci\u00f3n u ofertas especiales. De la misma manera lo haremos para apoyar la relaci\u00f3n que podamos tener contigo como cliente:<br\/><strong>a)<\/strong> Podemos almacenar y procesar datos personales y compartirlos con nuestras compa\u00f1\u00edas asociadas, con el fin de comprender mejor tus necesidades y c\u00f3mo podemos mejorar nuestros servicios;<br\/><strong>b)<\/strong> Podemos utilizar los datos personales para ponernos en contacto contigo directamente para informarte de una oferta de The Bridge Marbella que se adapte a tus necesidades o para realizar encuestas por Internet con el fin de comprender mejor tus necesidades como paciente nuestro. <\/p>\n\n<p>Si decides que tus datos personales no se utilicen para apoyar nuestra relaci\u00f3n contigo como cliente (especialmente en marketing directo o en estudios de mercado), respetaremos tu decisi\u00f3n. No vamos a vender ni a comercializar de ninguna otra forma tus datos personales a terceros, a excepci\u00f3n de las empresas asociadas a The Bridge Marbella.<\/p>\n\n<p><strong>4. Limitaciones objetivas<\/strong><\/p>\n\n<p>The Bridge Marbella puede recoger, utilizar o divulgar datos personales, que nos proporciones a trav\u00e9s de Internet, \u00fanicamente para los fines descritos, a menos que la distribuci\u00f3n sea necesaria:<br\/><strong>a)<\/strong> En el uso de datos personales para cualquier prop\u00f3sito adicional directamente relacionado con el prop\u00f3sito original para el que se recogieron los datos;<br\/><strong>b)<\/strong> En caso de que sea necesario preparar, negociar y completar un contrato contigo;<br\/><strong>c)<\/strong> Que lo exija la ley o normativa, o las autoridades gubernamentales o judiciales;<br\/><strong>d)<\/strong> Que sea necesario para establecer o mantener un pleito o para la defensa de un pleito;<br\/><strong>e)<\/strong> Que sea necesario para evitar fraudes u otras actividades ilegales, como un ataque deliberado a los sistemas tecnol\u00f3gicos de The Bridge Marbella.<\/p>\n\n<p><strong>5. Datos no personales recogidos autom\u00e1ticamente <\/strong><\/p>\n\n<p>Cuando se accede a nuestro sitio web, podemos recopilar autom\u00e1ticamente (es decir, sin necesidad de registro) datos no personales (por ejemplo, el tipo de navegador web y de sistema operativo utilizado, la p\u00e1gina desde la que accedi\u00f3 al dominio, el n\u00famero de visitas, el tiempo medio de permanencia en el sitio, las p\u00e1ginas que visit\u00f3, etc.). Podemos utilizar estos datos y compartirlos con nuestros afiliados para controlar el nivel de inter\u00e9s en nuestro sitio web y mejorar su rendimiento y contenido.<\/p>\n\n<p><strong>6. Cookies: informaci\u00f3n almacenada autom\u00e1ticamente en tu ordenador <\/strong><\/p>\n\n<p>Cuando visitas nuestro sitio web, podemos almacenar informaci\u00f3n en tu ordenador en forma de \u00abcookie\u00bb, con el fin de reconocer autom\u00e1ticamente tu dispositivo la pr\u00f3xima vez que nos visites.<\/p>\n\n<p>Las cookies son archivos que contienen peque\u00f1as cantidades de informaci\u00f3n que se cargan desde el dispositivo cuando visitas un sitio web.<\/p>\n\n<p>Ayudan al sitio web a recordar informaci\u00f3n sobre tu visita, como tu idioma preferido y otros ajustes. Esto puede facilitar tu pr\u00f3xima visita y hacer que el sitio web te resulte m\u00e1s \u00fatil. Las cookies desempe\u00f1an un papel importante. Sin ellas, el uso de algunos sitios web ser\u00eda una experiencia mucho m\u00e1s frustrante. Las cookies mejoran la eficacia de la navegaci\u00f3n por los sitios web.<\/p>\n\n<p>El uso de cookies en Internet es habitual y no da\u00f1a los ordenadores de los usuarios. Las cookies tienen varias funciones, entre ellas ayudar a los responsables del sitio web a ver c\u00f3mo se utiliza en t\u00e9rminos de navegaci\u00f3n, guardar sus preferencias y, en general, mejorar la experiencia del usuario. Tambi\u00e9n ayudan a garantizar que el sitio web te muestre contenido relevante.<\/p>\n\n<p>The Bridge Marbella y otros servicios externos pueden mantener cookies permanentes que se almacenan en el navegador utilizado para tu acceso y en tu dispositivo (PC, m\u00f3vil y tableta) y se utilizan siempre que vuelvas a visitar uno de nuestros sitios web. Las cookies temporales de sesi\u00f3n se quedan en la carpeta de cookies de tu navegador hasta que abandonas el sitio web. La informaci\u00f3n recogida por estas cookies sirve para analizar los patrones de tr\u00e1fico en el sitio web, lo que nos permite identificar problemas y ofrecer una mejor experiencia de navegaci\u00f3n.<\/p>\n\n<p>Si no deseas recibir cookies, configura tu navegador de Internet para que borre todas las cookies del disco duro de tu ordenador y bloquee todas las cookies cuando aparezca una se\u00f1al, antes de que se guarden.<\/p>\n\n<p><strong>7. Menores de edad <\/strong><\/p>\n\n<p>The Bridge Marbella no recopila datos de menores sin solicitarles el consentimiento de sus padres o tutores legales si as\u00ed lo exige la legislaci\u00f3n vigente. Solo utilizaremos o divulgaremos los datos personales de los menores en la medida permitida por la ley o normativa y con el fin de obtener el consentimiento de los padres de conformidad con las leyes de protecci\u00f3n de menores y la normativa vigente. La definici\u00f3n de \u00abni\u00f1o\u00bb o \u00abni\u00f1os\u00bb debe tener en cuenta la legislaci\u00f3n vigente.<\/p>\n\n<p><strong>8. Enlaces a otros sitios web <\/strong><\/p>\n\n<p>El sitio web de Bridge Marbella puede contener enlaces a otros sitios web. The Bridge Marbella no es responsable de las pol\u00edticas de privacidad u otros contenidos de dichos sitios web.<\/p>\n\n<p><strong>9. Preguntas y comentarios<\/strong><\/p>\n\n<p>The Bridge Marbella responde a las solicitudes para revisar tus datos personales, as\u00ed como corregir, modificar o eliminar cualquier inexactitud. Si quieres hacer una pregunta o un comentario sobre la pol\u00edtica de privacidad de The Bridge Marbella (por ejemplo, para revisar y actualizar tus datos personales), ponte en contacto con nosotros. A medida que Internet evoluciona, tambi\u00e9n lo har\u00e1 nuestra pol\u00edtica de privacidad. Cualquier cambio en nuestra pol\u00edtica de privacidad se publicar\u00e1 en esta p\u00e1gina. Te recomendamos que visites esta p\u00e1gina web con regularidad para comprobar si hay alguna actualizaci\u00f3n.<\/p>\n\n<p><strong>10. Confidencialidad<\/strong><\/p>\n\n<p>Debido a la naturaleza y objetivos de los servicios interactivos que proporcionamos en este documento, se requiere que los usuarios proporcionen informaci\u00f3n que podr\u00eda considerarse personal. Nuestros servicios respetar\u00e1n lo dispuesto en la Ley Org\u00e1nica 15\/1999, de 13 de diciembre, de Protecci\u00f3n de Datos de Car\u00e1cter Personal y sus posteriores actualizaciones.<\/p>\n\n<p>\u00danicamente se solicitar\u00e1n y recoger\u00e1n aquellos datos que The Bridge Marbella precise para ofrecer sus servicios, de acuerdo con la informaci\u00f3n expl\u00edcita sobre el sitio web y las opciones del usuario. Los datos de car\u00e1cter personal que sean facilitados son para uso exclusivo de The Bridge Marbella, de acuerdo con las finalidades de que se trate..<\/p>\n\n<p>Cuando un usuario utiliza nuestros servicios o visita el contenido proporcionado por The Bridge Marbella, cierta informaci\u00f3n puede recopilarse autom\u00e1ticamente en los registros del servidor y puede incluir detalles sobre c\u00f3mo se utilizan los servicios. Dichos detalles pueden estar compuestos por tus consultas de b\u00fasqueda, tu direcci\u00f3n IP y las cookies que pueden identificar tu navegador o cuenta de usuario exclusivamente.<\/p>\n\n<p>Cuando se utiliza un servicio de The Bridge Marbella con funci\u00f3n de localizaci\u00f3n, podemos recopilar y procesar informaci\u00f3n sobre la ubicaci\u00f3n actual del usuario, como las se\u00f1ales GPS enviadas por un tel\u00e9fono m\u00f3vil. Tambi\u00e9n podemos utilizar diversas tecnolog\u00edas para determinar la ubicaci\u00f3n, como los datos de los sensores del dispositivo, que pueden proporcionar informaci\u00f3n sobre puntos de acceso Wi-Fi y torres de telefon\u00eda m\u00f3vil cercanas, por ejemplo.<\/p>\n\n<p>Cuando un usuario se pone en contacto con The Bridge Marbella, podemos mantener un registro de las comunicaciones para ayudar a resolver cualquier problema que pudiera surgir. Podemos utilizar la direcci\u00f3n de correo electr\u00f3nico del usuario para enviarle a \u00e9ste informaci\u00f3n sobre nuestros servicios, y para informarle de los pr\u00f3ximos cambios o mejoras, por ejemplo.<\/p>\n\n<p>Puedes revocar tu consentimiento en cualquier momento y ejercer tus derechos de acceso, rectificaci\u00f3n, cancelaci\u00f3n u oposici\u00f3n escribiendo al siguiente correo electr\u00f3nico: <a href=\"mailto:info@thebridgemarbella.com\">info@thebridgemarbella.com<\/a> <\/p>\n","protected":false},"excerpt":{"rendered":"<p>Qui\u00e9nes somos La direcci\u00f3n de nuestro sitio web es: https:\/\/thebridgemarbella.com Este sitio est\u00e1 protegido por reCAPTCHA y se aplican la Pol\u00edtica de privacidad y las Condiciones del servicio de Google. 1. El compromiso de The Bridge Marbella con la protecci\u00f3n de datos y tu privacidad La seguridad y privacidad de tus datos personales son importantes [&hellip;]<\/p>\n","protected":false},"author":3,"featured_media":0,"parent":0,"menu_order":0,"comment_status":"closed","ping_status":"closed","template":"","meta":{"footnotes":""},"class_list":["post-1797","page","type-page","status-publish","hentry","entry"],"yoast_head":"<!-- This site is optimized with the Yoast SEO plugin v27.3 - https:\/\/yoast.com\/product\/yoast-seo-wordpress\/ -->\n<title>Pol\u00edtica de Privacidad - The Bridge Marbella<\/title>\n<meta name=\"robots\" content=\"noindex, follow\" \/>\n<meta property=\"og:locale\" content=\"es_ES\" \/>\n<meta property=\"og:type\" content=\"article\" \/>\n<meta property=\"og:title\" content=\"Pol\u00edtica de Privacidad - The Bridge Marbella\" \/>\n<meta property=\"og:description\" content=\"Qui\u00e9nes somos La direcci\u00f3n de nuestro sitio web es: https:\/\/thebridgemarbella.com Este sitio est\u00e1 protegido por reCAPTCHA y se aplican la Pol\u00edtica de privacidad y las Condiciones del servicio de Google. 1. El compromiso de The Bridge Marbella con la protecci\u00f3n de datos y tu privacidad La seguridad y privacidad de tus datos personales son importantes [&hellip;]\" \/>\n<meta property=\"og:url\" content=\"https:\/\/thebridgemarbella.com\/es\/politica-de-privacidad\/\" \/>\n<meta property=\"og:site_name\" content=\"The Bridge Marbella\" \/>\n<meta property=\"article:publisher\" content=\"https:\/\/www.facebook.com\/TheBridgeMarbella\" \/>\n<meta property=\"article:modified_time\" content=\"2024-02-14T15:02:39+00:00\" \/>\n<meta name=\"twitter:card\" content=\"summary_large_image\" \/>\n<meta name=\"twitter:label1\" content=\"Tiempo de lectura\" \/>\n\t<meta name=\"twitter:data1\" content=\"8 minutos\" \/>\n<script type=\"application\/ld+json\" class=\"yoast-schema-graph\">{\"@context\":\"https:\\\/\\\/schema.org\",\"@graph\":[{\"@type\":\"WebPage\",\"@id\":\"https:\\\/\\\/thebridgemarbella.com\\\/es\\\/politica-de-privacidad\\\/\",\"url\":\"https:\\\/\\\/thebridgemarbella.com\\\/es\\\/politica-de-privacidad\\\/\",\"name\":\"Pol\u00edtica de Privacidad - The Bridge Marbella\",\"isPartOf\":{\"@id\":\"https:\\\/\\\/thebridgemarbella.com\\\/#website\"},\"datePublished\":\"2020-12-14T10:12:56+00:00\",\"dateModified\":\"2024-02-14T15:02:39+00:00\",\"breadcrumb\":{\"@id\":\"https:\\\/\\\/thebridgemarbella.com\\\/es\\\/politica-de-privacidad\\\/#breadcrumb\"},\"inLanguage\":\"es\",\"potentialAction\":[{\"@type\":\"ReadAction\",\"target\":[\"https:\\\/\\\/thebridgemarbella.com\\\/es\\\/politica-de-privacidad\\\/\"]}]},{\"@type\":\"BreadcrumbList\",\"@id\":\"https:\\\/\\\/thebridgemarbella.com\\\/es\\\/politica-de-privacidad\\\/#breadcrumb\",\"itemListElement\":[{\"@type\":\"ListItem\",\"position\":1,\"name\":\"Home\",\"item\":\"https:\\\/\\\/thebridgemarbella.com\\\/\"},{\"@type\":\"ListItem\",\"position\":2,\"name\":\"Pol\u00edtica de Privacidad\"}]},{\"@type\":\"WebSite\",\"@id\":\"https:\\\/\\\/thebridgemarbella.com\\\/#website\",\"url\":\"https:\\\/\\\/thebridgemarbella.com\\\/\",\"name\":\"The Bridge Marbella\",\"description\":\"\",\"potentialAction\":[{\"@type\":\"SearchAction\",\"target\":{\"@type\":\"EntryPoint\",\"urlTemplate\":\"https:\\\/\\\/thebridgemarbella.com\\\/?s={search_term_string}\"},\"query-input\":{\"@type\":\"PropertyValueSpecification\",\"valueRequired\":true,\"valueName\":\"search_term_string\"}}],\"inLanguage\":\"es\"}]}<\/script>\n<!-- \/ Yoast SEO plugin. -->","yoast_head_json":{"title":"Pol\u00edtica de Privacidad - The Bridge Marbella","robots":{"index":"noindex","follow":"follow"},"og_locale":"es_ES","og_type":"article","og_title":"Pol\u00edtica de Privacidad - The Bridge Marbella","og_description":"Qui\u00e9nes somos La direcci\u00f3n de nuestro sitio web es: https:\/\/thebridgemarbella.com Este sitio est\u00e1 protegido por reCAPTCHA y se aplican la Pol\u00edtica de privacidad y las Condiciones del servicio de Google. 1. El compromiso de The Bridge Marbella con la protecci\u00f3n de datos y tu privacidad La seguridad y privacidad de tus datos personales son importantes [&hellip;]","og_url":"https:\/\/thebridgemarbella.com\/es\/politica-de-privacidad\/","og_site_name":"The Bridge Marbella","article_publisher":"https:\/\/www.facebook.com\/TheBridgeMarbella","article_modified_time":"2024-02-14T15:02:39+00:00","twitter_card":"summary_large_image","twitter_misc":{"Tiempo de lectura":"8 minutos"},"schema":{"@context":"https:\/\/schema.org","@graph":[{"@type":"WebPage","@id":"https:\/\/thebridgemarbella.com\/es\/politica-de-privacidad\/","url":"https:\/\/thebridgemarbella.com\/es\/politica-de-privacidad\/","name":"Pol\u00edtica de Privacidad - The Bridge Marbella","isPartOf":{"@id":"https:\/\/thebridgemarbella.com\/#website"},"datePublished":"2020-12-14T10:12:56+00:00","dateModified":"2024-02-14T15:02:39+00:00","breadcrumb":{"@id":"https:\/\/thebridgemarbella.com\/es\/politica-de-privacidad\/#breadcrumb"},"inLanguage":"es","potentialAction":[{"@type":"ReadAction","target":["https:\/\/thebridgemarbella.com\/es\/politica-de-privacidad\/"]}]},{"@type":"BreadcrumbList","@id":"https:\/\/thebridgemarbella.com\/es\/politica-de-privacidad\/#breadcrumb","itemListElement":[{"@type":"ListItem","position":1,"name":"Home","item":"https:\/\/thebridgemarbella.com\/"},{"@type":"ListItem","position":2,"name":"Pol\u00edtica de Privacidad"}]},{"@type":"WebSite","@id":"https:\/\/thebridgemarbella.com\/#website","url":"https:\/\/thebridgemarbella.com\/","name":"The Bridge Marbella","description":"","potentialAction":[{"@type":"SearchAction","target":{"@type":"EntryPoint","urlTemplate":"https:\/\/thebridgemarbella.com\/?s={search_term_string}"},"query-input":{"@type":"PropertyValueSpecification","valueRequired":true,"valueName":"search_term_string"}}],"inLanguage":"es"}]}},"_links":{"self":[{"href":"https:\/\/thebridgemarbella.com\/es\/wp-json\/wp\/v2\/pages\/1797","targetHints":{"allow":["GET"]}}],"collection":[{"href":"https:\/\/thebridgemarbella.com\/es\/wp-json\/wp\/v2\/pages"}],"about":[{"href":"https:\/\/thebridgemarbella.com\/es\/wp-json\/wp\/v2\/types\/page"}],"author":[{"embeddable":true,"href":"https:\/\/thebridgemarbella.com\/es\/wp-json\/wp\/v2\/users\/3"}],"replies":[{"embeddable":true,"href":"https:\/\/thebridgemarbella.com\/es\/wp-json\/wp\/v2\/comments?post=1797"}],"version-history":[{"count":3,"href":"https:\/\/thebridgemarbella.com\/es\/wp-json\/wp\/v2\/pages\/1797\/revisions"}],"predecessor-version":[{"id":1800,"href":"https:\/\/thebridgemarbella.com\/es\/wp-json\/wp\/v2\/pages\/1797\/revisions\/1800"}],"wp:attachment":[{"href":"https:\/\/thebridgemarbella.com\/es\/wp-json\/wp\/v2\/media?parent=1797"}],"curies":[{"name":"wp","href":"https:\/\/api.w.org\/{rel}","templated":true}]}}